{"id":143,"date":"2023-06-06T15:47:12","date_gmt":"2023-06-06T15:47:12","guid":{"rendered":"https:\/\/capybarahostel.com\/?page_id=143"},"modified":"2025-11-21T16:12:22","modified_gmt":"2025-11-21T16:12:22","slug":"nosotros","status":"publish","type":"page","link":"https:\/\/capybarahostel.com\/index.php\/nosotros\/","title":{"rendered":"Nosotros"},"content":{"rendered":"<p>[et_pb_section fb_built=\u00bb1&#8243; _builder_version=\u00bb4.21.0&#8243; _module_preset=\u00bbdefault\u00bb global_colors_info=\u00bb{}\u00bb][et_pb_row _builder_version=\u00bb4.21.0&#8243; _module_preset=\u00bbdefault\u00bb global_colors_info=\u00bb{}\u00bb][et_pb_column type=\u00bb4_4&#8243; _builder_version=\u00bb4.21.0&#8243; _module_preset=\u00bbdefault\u00bb global_colors_info=\u00bb{}\u00bb][et_pb_text _builder_version=\u00bb4.21.0&#8243; _module_preset=\u00bbdefault\u00bb global_colors_info=\u00bb{}\u00bb]<\/p>\n<h1>Nosotros<\/h1>\n<p>[\/et_pb_text][et_pb_text _builder_version=\u00bb4.27.4&#8243; _module_preset=\u00bbdefault\u00bb text_font=\u00bbRoboto|300|||||||\u00bb hover_enabled=\u00bb0&#8243; global_colors_info=\u00bb{}\u00bb sticky_enabled=\u00bb0&#8243;]<\/p>\n<p>En Capybara hostel nacimos con el fin de promover el turismo sostenible de la mano de comunidades locales. Combinamos las comodidades y la arquitectura de un hotel boutique con el ambiente c\u00e1lido y divertido de un hostal. Le apostamos a la convergencia de espacios donde la cultura, la conservaci\u00f3n de ecosistemas, la gastronom\u00eda, el arte y el folclor sean el medio para exaltar la magia y el encanto llanero.<\/p>\n<p>[\/et_pb_text][et_pb_image src=\u00bbhttps:\/\/capybarahostel.com\/wp-content\/uploads\/2023\/07\/Capybara-Villavicencio.jpg\u00bb title_text=\u00bbCapybara-Villavicencio\u00bb _builder_version=\u00bb4.21.0&#8243; _module_preset=\u00bbdefault\u00bb global_colors_info=\u00bb{}\u00bb][\/et_pb_image][\/et_pb_column][\/et_pb_row][et_pb_row column_structure=\u00bb1_2,1_2&#8243; _builder_version=\u00bb4.21.0&#8243; _module_preset=\u00bbdefault\u00bb global_colors_info=\u00bb{}\u00bb][et_pb_column type=\u00bb1_2&#8243; _builder_version=\u00bb4.21.0&#8243; _module_preset=\u00bbdefault\u00bb global_colors_info=\u00bb{}\u00bb][et_pb_text _builder_version=\u00bb4.21.0&#8243; _module_preset=\u00bbdefault\u00bb global_colors_info=\u00bb{}\u00bb]<\/p>\n<h2>Nuestra Motivaci\u00f3n<\/h2>\n<p>[\/et_pb_text][et_pb_text _builder_version=\u00bb4.27.4&#8243; _module_preset=\u00bbdefault\u00bb hover_enabled=\u00bb0&#8243; global_colors_info=\u00bb{}\u00bb sticky_enabled=\u00bb0&#8243;]<\/p>\n<p>Promover la <strong>Orinoqu\u00eda<\/strong><strong>,<\/strong> sus paisajes y <strong>biodiversidad <\/strong>como <strong>destino<\/strong> tur\u00edstico imperdible. Creemos en la importancia de un turismo responsable de la mano de comunidades locales.<\/p>\n<p>[\/et_pb_text][\/et_pb_column][et_pb_column type=\u00bb1_2&#8243; _builder_version=\u00bb4.21.0&#8243; _module_preset=\u00bbdefault\u00bb global_colors_info=\u00bb{}\u00bb][et_pb_image src=\u00bbhttps:\/\/capybarahostel.com\/wp-content\/uploads\/2023\/07\/Privados.jpg\u00bb title_text=\u00bbPrivados\u00bb _builder_version=\u00bb4.21.0&#8243; _module_preset=\u00bbdefault\u00bb hover_enabled=\u00bb0&#8243; global_colors_info=\u00bb{}\u00bb sticky_enabled=\u00bb0&#8243;][\/et_pb_image][\/et_pb_column][\/et_pb_row][\/et_pb_section]<\/p>\n","protected":false},"excerpt":{"rendered":"<p>NosotrosEn Capybara hostel nacimos con el fin de promover el turismo sostenible de la mano de comunidades locales. Combinamos las comodidades y la arquitectura de un hotel boutique con el ambiente c\u00e1lido y divertido de un hostal. Le apostamos a la convergencia de espacios donde la cultura, la conservaci\u00f3n de ecosistemas, la gastronom\u00eda, el arte [&hellip;]<\/p>\n","protected":false},"author":2,"featured_media":0,"parent":0,"menu_order":0,"comment_status":"closed","ping_status":"closed","template":"","meta":{"_et_pb_use_builder":"on","_et_pb_old_content":"","_et_gb_content_width":"","footnotes":""},"class_list":["post-143","page","type-page","status-publish","hentry"],"yoast_head":"<!-- This site is optimized with the Yoast SEO plugin v26.4 - https:\/\/yoast.com\/wordpress\/plugins\/seo\/ -->\n<title>Nosotros - Capybara Hostel<\/title>\n<meta name=\"description\" content=\"Capybara Hostel el primer hostal de Villavicencio ofrece una experiencia \u00fanica combinando confort y cultura local.\" \/>\n<meta name=\"robots\" content=\"index, follow, max-snippet:-1, max-image-preview:large, max-video-preview:-1\" \/>\n<link rel=\"canonical\" href=\"https:\/\/capybarahostel.com\/index.php\/nosotros\/\" \/>\n<meta property=\"og:locale\" content=\"es_ES\" \/>\n<meta property=\"og:type\" content=\"article\" \/>\n<meta property=\"og:title\" content=\"Nosotros - Capybara Hostel\" \/>\n<meta property=\"og:description\" content=\"Capybara Hostel el primer hostal de Villavicencio ofrece una experiencia \u00fanica combinando confort y cultura local.\" \/>\n<meta property=\"og:url\" content=\"https:\/\/capybarahostel.com\/index.php\/nosotros\/\" \/>\n<meta property=\"og:site_name\" content=\"Capybara Hostel\" \/>\n<meta property=\"article:modified_time\" content=\"2025-11-21T16:12:22+00:00\" \/>\n<meta name=\"twitter:card\" content=\"summary_large_image\" \/>\n<meta name=\"twitter:label1\" content=\"Tiempo de lectura\" \/>\n\t<meta name=\"twitter:data1\" content=\"1 minuto\" \/>\n<script type=\"application\/ld+json\" class=\"yoast-schema-graph\">{\"@context\":\"https:\/\/schema.org\",\"@graph\":[{\"@type\":\"WebPage\",\"@id\":\"https:\/\/capybarahostel.com\/index.php\/nosotros\/\",\"url\":\"https:\/\/capybarahostel.com\/index.php\/nosotros\/\",\"name\":\"Nosotros - Capybara Hostel\",\"isPartOf\":{\"@id\":\"https:\/\/capybarahostel.com\/#website\"},\"datePublished\":\"2023-06-06T15:47:12+00:00\",\"dateModified\":\"2025-11-21T16:12:22+00:00\",\"description\":\"Capybara Hostel el primer hostal de Villavicencio ofrece una experiencia \u00fanica combinando confort y cultura local.\",\"breadcrumb\":{\"@id\":\"https:\/\/capybarahostel.com\/index.php\/nosotros\/#breadcrumb\"},\"inLanguage\":\"es\",\"potentialAction\":[{\"@type\":\"ReadAction\",\"target\":[\"https:\/\/capybarahostel.com\/index.php\/nosotros\/\"]}]},{\"@type\":\"BreadcrumbList\",\"@id\":\"https:\/\/capybarahostel.com\/index.php\/nosotros\/#breadcrumb\",\"itemListElement\":[{\"@type\":\"ListItem\",\"position\":1,\"name\":\"Portada\",\"item\":\"https:\/\/capybarahostel.com\/\"},{\"@type\":\"ListItem\",\"position\":2,\"name\":\"Nosotros\"}]},{\"@type\":\"WebSite\",\"@id\":\"https:\/\/capybarahostel.com\/#website\",\"url\":\"https:\/\/capybarahostel.com\/\",\"name\":\"Capybara Hostel\",\"description\":\"Ofrecemos experiencias \u00fanicas de hospedaje\",\"publisher\":{\"@id\":\"https:\/\/capybarahostel.com\/#organization\"},\"potentialAction\":[{\"@type\":\"SearchAction\",\"target\":{\"@type\":\"EntryPoint\",\"urlTemplate\":\"https:\/\/capybarahostel.com\/?s={search_term_string}\"},\"query-input\":{\"@type\":\"PropertyValueSpecification\",\"valueRequired\":true,\"valueName\":\"search_term_string\"}}],\"inLanguage\":\"es\"},{\"@type\":\"Organization\",\"@id\":\"https:\/\/capybarahostel.com\/#organization\",\"name\":\"Capybara Hostel\",\"url\":\"https:\/\/capybarahostel.com\/\",\"logo\":{\"@type\":\"ImageObject\",\"inLanguage\":\"es\",\"@id\":\"https:\/\/capybarahostel.com\/#\/schema\/logo\/image\/\",\"url\":\"https:\/\/capybarahostel.com\/wp-content\/uploads\/2025\/04\/Logos-Capybara-finales_Mesa-de-trabajo-1.png\",\"contentUrl\":\"https:\/\/capybarahostel.com\/wp-content\/uploads\/2025\/04\/Logos-Capybara-finales_Mesa-de-trabajo-1.png\",\"width\":1790,\"height\":1677,\"caption\":\"Capybara Hostel\"},\"image\":{\"@id\":\"https:\/\/capybarahostel.com\/#\/schema\/logo\/image\/\"}}]}<\/script>\n<!-- \/ Yoast SEO plugin. -->","yoast_head_json":{"title":"Nosotros - Capybara Hostel","description":"Capybara Hostel el primer hostal de Villavicencio ofrece una experiencia \u00fanica combinando confort y cultura local.","robots":{"index":"index","follow":"follow","max-snippet":"max-snippet:-1","max-image-preview":"max-image-preview:large","max-video-preview":"max-video-preview:-1"},"canonical":"https:\/\/capybarahostel.com\/index.php\/nosotros\/","og_locale":"es_ES","og_type":"article","og_title":"Nosotros - Capybara Hostel","og_description":"Capybara Hostel el primer hostal de Villavicencio ofrece una experiencia \u00fanica combinando confort y cultura local.","og_url":"https:\/\/capybarahostel.com\/index.php\/nosotros\/","og_site_name":"Capybara Hostel","article_modified_time":"2025-11-21T16:12:22+00:00","twitter_card":"summary_large_image","twitter_misc":{"Tiempo de lectura":"1 minuto"},"schema":{"@context":"https:\/\/schema.org","@graph":[{"@type":"WebPage","@id":"https:\/\/capybarahostel.com\/index.php\/nosotros\/","url":"https:\/\/capybarahostel.com\/index.php\/nosotros\/","name":"Nosotros - Capybara Hostel","isPartOf":{"@id":"https:\/\/capybarahostel.com\/#website"},"datePublished":"2023-06-06T15:47:12+00:00","dateModified":"2025-11-21T16:12:22+00:00","description":"Capybara Hostel el primer hostal de Villavicencio ofrece una experiencia \u00fanica combinando confort y cultura local.","breadcrumb":{"@id":"https:\/\/capybarahostel.com\/index.php\/nosotros\/#breadcrumb"},"inLanguage":"es","potentialAction":[{"@type":"ReadAction","target":["https:\/\/capybarahostel.com\/index.php\/nosotros\/"]}]},{"@type":"BreadcrumbList","@id":"https:\/\/capybarahostel.com\/index.php\/nosotros\/#breadcrumb","itemListElement":[{"@type":"ListItem","position":1,"name":"Portada","item":"https:\/\/capybarahostel.com\/"},{"@type":"ListItem","position":2,"name":"Nosotros"}]},{"@type":"WebSite","@id":"https:\/\/capybarahostel.com\/#website","url":"https:\/\/capybarahostel.com\/","name":"Capybara Hostel","description":"Ofrecemos experiencias \u00fanicas de hospedaje","publisher":{"@id":"https:\/\/capybarahostel.com\/#organization"},"potentialAction":[{"@type":"SearchAction","target":{"@type":"EntryPoint","urlTemplate":"https:\/\/capybarahostel.com\/?s={search_term_string}"},"query-input":{"@type":"PropertyValueSpecification","valueRequired":true,"valueName":"search_term_string"}}],"inLanguage":"es"},{"@type":"Organization","@id":"https:\/\/capybarahostel.com\/#organization","name":"Capybara Hostel","url":"https:\/\/capybarahostel.com\/","logo":{"@type":"ImageObject","inLanguage":"es","@id":"https:\/\/capybarahostel.com\/#\/schema\/logo\/image\/","url":"https:\/\/capybarahostel.com\/wp-content\/uploads\/2025\/04\/Logos-Capybara-finales_Mesa-de-trabajo-1.png","contentUrl":"https:\/\/capybarahostel.com\/wp-content\/uploads\/2025\/04\/Logos-Capybara-finales_Mesa-de-trabajo-1.png","width":1790,"height":1677,"caption":"Capybara Hostel"},"image":{"@id":"https:\/\/capybarahostel.com\/#\/schema\/logo\/image\/"}}]}},"_links":{"self":[{"href":"https:\/\/capybarahostel.com\/index.php\/wp-json\/wp\/v2\/pages\/143","targetHints":{"allow":["GET"]}}],"collection":[{"href":"https:\/\/capybarahostel.com\/index.php\/wp-json\/wp\/v2\/pages"}],"about":[{"href":"https:\/\/capybarahostel.com\/index.php\/wp-json\/wp\/v2\/types\/page"}],"author":[{"embeddable":true,"href":"https:\/\/capybarahostel.com\/index.php\/wp-json\/wp\/v2\/users\/2"}],"replies":[{"embeddable":true,"href":"https:\/\/capybarahostel.com\/index.php\/wp-json\/wp\/v2\/comments?post=143"}],"version-history":[{"count":4,"href":"https:\/\/capybarahostel.com\/index.php\/wp-json\/wp\/v2\/pages\/143\/revisions"}],"predecessor-version":[{"id":388,"href":"https:\/\/capybarahostel.com\/index.php\/wp-json\/wp\/v2\/pages\/143\/revisions\/388"}],"wp:attachment":[{"href":"https:\/\/capybarahostel.com\/index.php\/wp-json\/wp\/v2\/media?parent=143"}],"curies":[{"name":"wp","href":"https:\/\/api.w.org\/{rel}","templated":true}]}}